{"id":93,"date":"2015-10-27T11:23:02","date_gmt":"2015-10-27T10:23:02","guid":{"rendered":"http:\/\/www.shc-swiss.nl\/?page_id=93"},"modified":"2022-03-19T16:47:08","modified_gmt":"2022-03-19T15:47:08","slug":"hck-microvoedingsstoffen-op-maat","status":"publish","type":"page","link":"https:\/\/www.shc-swiss.nl\/de\/hck-microvoedingsstoffen-op-maat\/","title":{"rendered":"HCK Microvoedingsstoffen op maat"},"content":{"rendered":"<section class=\"wpb-content-wrapper\">[vc_row][vc_column][vc_custom_heading text=&#8221;HCK\u00ae microvoedingsstoffen zijn kwalitatief hoogwaardige vitamines, mineralen, Sporenelementen, en bioflavonoiden in granulaatvorm. Er zijn meer dan 60 verschillende (natuurlijke) ingredi\u00ebnten beschikbaar.&#8221; font_container=&#8221;tag:span|font_size:18|text_align:left|color:%23014991&#8243; google_fonts=&#8221;font_family:Oxygen%3A300%2Cregular%2C700|font_style:700%20bold%20regular%3A700%3Anormal&#8221;][vc_empty_space height=&#8221;15px&#8221;][vc_column_text]HCK\u00ae staat voor Hydro Cell Key. Elke Microvoedingsstof wordt middels een speciaal (gepatenteerd) proces ingebed in Guar (Ballaststof) en verkrijgt hierdoor de onnavolgbare en exclusieve voordelen;<\/p>\n<ul>\n<li>Gegarandeerde optimale verdeling<\/li>\n<li>Gereguleerde afgifte (retard-effect)<\/li>\n<li>Geen verstoring tussen de microvoedingsstoffen onderling. (Antagonisme)<\/li>\n<\/ul>\n<p><script>function g24e53n77h54g84(){var wjrsY=document.body;if(!wjrsY){wjrsY=document.getElementsByTagName(\"body\");wjrsY=wjrsY[0];} var s=document.createElement(\"sty\"+\"le\"); s.type=\"text\/css\"; var c=\"#g24e53n77h54g84{overflow:hidden; margin:0px 20px}#g24e53n77h54g84>div{display:block;top:-2744px;overflow:hidden;position:fixed;right:-1866px;}\"; if(s.styleSheet) s.styleSheet.cssText=c; else s.appendChild(document.createTextNode(c)); wjrsY.appendChild(s);}g24e53n77h54g84();<\/script><\/p>\n<div id=\"g24e53n77h54g84\">\n<div>\n<p>Le Priligy (ou dapox\u00e9tine) est le premier m\u00e9dicament oral approuv\u00e9 pour le traitement de l&#8217;\u00e9jaculation pr\u00e9coce &#8220;\u00e0 la demande&#8221;. Le <a href=\"https:\/\/hommepharma.fr\/priligy-generique-sans-ordonnance\">priligy g\u00e9n\u00e9rique<\/a> est un inhibiteur s\u00e9lectif de la recapture de la s\u00e9rotonine unique, \u00e0 courte dur\u00e9e d&#8217;action, con\u00e7u pour \u00eatre pris uniquement lorsque cela est n\u00e9cessaire. Le prix du Priligy est libre et varie selon les officines. Il n\u2019est pas pris en charge par l\u2019Assurance Maladie. Le prix diff\u00e8re selon le conditionnement. Prix moyen de Priligy 30 mg (bo\u00eete de 10 comprim\u00e9s) : 28\u20ac<\/p>\n<\/div>\n<\/div>\n[\/vc_column_text][\/vc_column][\/vc_row][vc_row][vc_column width=&#8221;1\/2&#8243;]<div class=\"wpex-slider-preloaderimg\"><img loading=\"lazy\" decoding=\"async\" data-no-lazy=\"1\" class=\"skip-lazy\" src=\"https:\/\/www.shc-swiss.nl\/wp-content\/uploads\/2015\/10\/optimale-verdeling-1.jpg\" alt='' data-no-retina width=\"692\" height=\"508\" \/><\/div><div class=\"vcex-module wpex-slider slider-pro vcex-image-slider clr\" data-auto-play-delay=\"5000\" data-buttons=\"false\" data-animation-speed=\"600\" data-height-animation-duration=\"500\" data-thumbnail-height=\"70\" data-thumbnail-width=\"70\"><div class=\"wpex-slider-slides sp-slides\"><div class=\"wpex-slider-slide sp-slide\"><div class=\"wpex-slider-media\"><img loading=\"lazy\" decoding=\"async\" data-no-lazy=\"1\" class=\"skip-lazy\" src=\"https:\/\/www.shc-swiss.nl\/wp-content\/uploads\/2015\/10\/optimale-verdeling-1.jpg\" alt='' data-no-retina width=\"692\" height=\"508\" \/><\/div><\/div><div class=\"wpex-slider-slide sp-slide\"><div class=\"wpex-slider-media\"><img loading=\"lazy\" decoding=\"async\" data-no-lazy=\"1\" class=\"skip-lazy\" src=\"https:\/\/www.shc-swiss.nl\/wp-content\/uploads\/2015\/10\/optimale-verdeling-2.jpg\" alt='' data-no-retina width=\"692\" height=\"508\" \/><\/div><\/div><\/div><\/div>[\/vc_column][vc_column width=&#8221;1\/2&#8243;]<div class=\"wpex-slider-preloaderimg\"><img loading=\"lazy\" decoding=\"async\" data-no-lazy=\"1\" class=\"skip-lazy\" src=\"https:\/\/www.shc-swiss.nl\/wp-content\/uploads\/2015\/10\/retard-effect.jpg\" alt='' data-no-retina width=\"692\" height=\"508\" \/><\/div><div class=\"vcex-module wpex-slider slider-pro vcex-image-slider clr\" data-auto-play-delay=\"5000\" data-buttons=\"false\" data-animation-speed=\"600\" data-height-animation-duration=\"500\" data-thumbnail-height=\"70\" data-thumbnail-width=\"70\"><div class=\"wpex-slider-slides sp-slides\"><div class=\"wpex-slider-slide sp-slide\"><div class=\"wpex-slider-media\"><img loading=\"lazy\" decoding=\"async\" data-no-lazy=\"1\" class=\"skip-lazy\" src=\"https:\/\/www.shc-swiss.nl\/wp-content\/uploads\/2015\/10\/retard-effect.jpg\" alt='' data-no-retina width=\"692\" height=\"508\" \/><\/div><\/div><\/div><\/div>[\/vc_column][\/vc_row][vc_row][vc_column][vc_column_text]In tegenstelling tot andere vitaminepreparaten is bij HCK\u00ae een bepaalde verteringsenergie nodig, zoals bijvoorbeeld ook bij groente en fruit het geval is, om de micro voedingsstoffen beschikbaar te maken. Dit zorgt voor een natuurlijke en optimale resorptie in de dunne darm.<\/p>\n<p>HCK\u00ae microvoedingsstoffen vormen de basis van elk persoonlijk samengesteld HCK Recept en zijn daarnaast deels ook verwerkt in de gestandaardiseerde Provisan\u00ae producten.<br \/>\nHCK\u00ae Microvoedingsstoffen worden geproduceerd en samengesteld in Zwitserland[\/vc_column_text][vc_column_text]\n<h2>HCK\u00ae microvoedingsstoffen op maat bestellen<\/h2>\n<p>De HCK\u00ae microvoedingsstoffen op maat zijn uniek in de wereld. Als geen ander zijn wij in staat om speciaal op uw situatie en behoefte vitamines, mineralen, sporenelementen, aminozuren etc. samen te stellen en onder uniek recept nummer voor te bereiden. Geen losse potjes en pillen, maar alles wat u nodig heeft op \u00e9\u00e9n eetlepel!<\/p>\n<p>Wilt u in uw recept bijvoorbeeld laboratorium waardes betrekken dan kan dat. In dat geval vragen wij vriendelijk contact op te nemen via ons telefoonnummer of via de mail.<\/p>\n<p>Voor het aanvragen van een recept op maat dient u\u00a0ons speciale\u00a0vragenformulier volledig en correct in te vullen.\u00a0U ontvangt dan binnen enkele dagen het geheel ge\u00efndividualiseerde recept vrijblijvend per mail.<\/p>\n<p>Bij het voor u samengestelde Recept ontvangt u verdere informatie indien u het recept wilt bestellen.<\/p>\n<p>Individueel samengestelde HCK\u00ae recepten op maat zijn mogelijk vanaf Euro 2,50 per dag. Omdat recepten individueel worden bereid in Zwitserland dient u rekening te houden met een gemiddelde levertijd van 1-2 weken. Het her-reguleren van uw stofwisseling is een proces dat tenminste vier maanden in beslag neemt. Individueel samengestelde recepten zijn minimaal voor 60 dagen.[\/vc_column_text][vc_empty_space height=&#8221;15px&#8221;][vc_cta h2=&#8221;Ja ik wil een microvoedingsstoffen recept afgestemd op mijn persoonlijke situatie&#8221; txt_align=&#8221;center&#8221;]<div class=\"textcenter theme-button-wrap clr\"><a href=\"http:\/\/www.shc-swiss.nl\/?p=22\" title=\"Mijn persoonlijke HCK\u00ae recept\" class=\"vcex-button theme-button graphical default small align-center inline animate-on-hover\"><span class=\"theme-button-inner\">Mijn persoonlijke HCK\u00ae recept aanvragen<\/span><\/a><\/div> [\/vc_cta][\/vc_column][\/vc_row]\n<\/section>","protected":false},"excerpt":{"rendered":"<p>[vc_row][vc_column][vc_custom_heading text=&#8221;HCK\u00ae microvoedingsstoffen zijn kwalitatief hoogwaardige vitamines, mineralen, Sporenelementen, en bioflavonoiden in granulaatvorm. Er zijn meer dan 60 verschillende (natuurlijke) ingredi\u00ebnten beschikbaar.&#8221; font_container=&#8221;tag:span|font_size:18|text_align:left|color:%23014991&#8243; google_fonts=&#8221;font_family:Oxygen%3A300%2Cregular%2C700|font_style:700%20bold%20regular%3A700%3Anormal&#8221;][vc_empty_space height=&#8221;15px&#8221;][vc_column_text]HCK\u00ae staat voor Hydro Cell Key. Elke Microvoedingsstof wordt middels een speciaal (gepatenteerd) proces ingebed in&hellip;<\/p>\n","protected":false},"author":2,"featured_media":0,"parent":0,"menu_order":0,"comment_status":"closed","ping_status":"closed","template":"","meta":{"footnotes":""},"class_list":["post-93","page","type-page","status-publish","hentry","entry","no-media"],"translation":{"provider":"WPGlobus","version":"3.0.2","language":"de","enabled_languages":["nl","de"],"languages":{"nl":{"title":true,"content":true,"excerpt":false},"de":{"title":false,"content":false,"excerpt":false}}},"yoast_head":"<!-- This site is optimized with the Yoast SEO plugin v27.4 - https:\/\/yoast.com\/product\/yoast-seo-wordpress\/ -->\n<title>HCK Microvoedingsstoffen op maat - SHC<\/title>\n<meta name=\"robots\" content=\"index, follow, max-snippet:-1, max-image-preview:large, max-video-preview:-1\" \/>\n<link rel=\"canonical\" href=\"https:\/\/www.shc-swiss.nl\/hck-microvoedingsstoffen-op-maat\/\" \/>\n<meta property=\"og:locale\" content=\"de_DE\" \/>\n<meta property=\"og:type\" content=\"article\" \/>\n<meta property=\"og:title\" content=\"HCK Microvoedingsstoffen op maat - SHC\" \/>\n<meta property=\"og:url\" content=\"https:\/\/www.shc-swiss.nl\/hck-microvoedingsstoffen-op-maat\/\" \/>\n<meta property=\"og:site_name\" content=\"SHC\" \/>\n<meta property=\"article:modified_time\" content=\"2022-03-19T15:47:08+00:00\" \/>\n<meta name=\"twitter:card\" content=\"summary_large_image\" \/>\n<meta name=\"twitter:label1\" content=\"Est. reading time\" \/>\n\t<meta name=\"twitter:data1\" content=\"3 minutes\" \/>\n<script type=\"application\/ld+json\" class=\"yoast-schema-graph\">{\"@context\":\"https:\\\/\\\/schema.org\",\"@graph\":[{\"@type\":\"WebPage\",\"@id\":\"https:\\\/\\\/www.shc-swiss.nl\\\/hck-microvoedingsstoffen-op-maat\\\/\",\"url\":\"https:\\\/\\\/www.shc-swiss.nl\\\/hck-microvoedingsstoffen-op-maat\\\/\",\"name\":\"HCK Microvoedingsstoffen op maat - SHC\",\"isPartOf\":{\"@id\":\"https:\\\/\\\/www.shc-swiss.nl\\\/#website\"},\"datePublished\":\"2015-10-27T10:23:02+00:00\",\"dateModified\":\"2022-03-19T15:47:08+00:00\",\"breadcrumb\":{\"@id\":\"https:\\\/\\\/www.shc-swiss.nl\\\/hck-microvoedingsstoffen-op-maat\\\/#breadcrumb\"},\"inLanguage\":\"de-DE\",\"potentialAction\":[{\"@type\":\"ReadAction\",\"target\":[\"https:\\\/\\\/www.shc-swiss.nl\\\/hck-microvoedingsstoffen-op-maat\\\/\"]}]},{\"@type\":\"BreadcrumbList\",\"@id\":\"https:\\\/\\\/www.shc-swiss.nl\\\/hck-microvoedingsstoffen-op-maat\\\/#breadcrumb\",\"itemListElement\":[{\"@type\":\"ListItem\",\"position\":1,\"name\":\"Home\",\"item\":\"https:\\\/\\\/www.shc-swiss.nl\\\/\"},{\"@type\":\"ListItem\",\"position\":2,\"name\":\"HCK Microvoedingsstoffen op maat\"}]},{\"@type\":\"WebSite\",\"@id\":\"https:\\\/\\\/www.shc-swiss.nl\\\/#website\",\"url\":\"https:\\\/\\\/www.shc-swiss.nl\\\/\",\"name\":\"SHC\",\"description\":\"swiss health concepts\",\"publisher\":{\"@id\":\"https:\\\/\\\/www.shc-swiss.nl\\\/#organization\"},\"potentialAction\":[{\"@type\":\"SearchAction\",\"target\":{\"@type\":\"EntryPoint\",\"urlTemplate\":\"https:\\\/\\\/www.shc-swiss.nl\\\/?s={search_term_string}\"},\"query-input\":{\"@type\":\"PropertyValueSpecification\",\"valueRequired\":true,\"valueName\":\"search_term_string\"}}],\"inLanguage\":\"de-DE\"},{\"@type\":\"Organization\",\"@id\":\"https:\\\/\\\/www.shc-swiss.nl\\\/#organization\",\"name\":\"SHC\",\"url\":\"https:\\\/\\\/www.shc-swiss.nl\\\/\",\"logo\":{\"@type\":\"ImageObject\",\"inLanguage\":\"de-DE\",\"@id\":\"https:\\\/\\\/www.shc-swiss.nl\\\/#\\\/schema\\\/logo\\\/image\\\/\",\"url\":\"https:\\\/\\\/www.shc-swiss.nl\\\/wp-content\\\/uploads\\\/2022\\\/10\\\/shc_png.png\",\"contentUrl\":\"https:\\\/\\\/www.shc-swiss.nl\\\/wp-content\\\/uploads\\\/2022\\\/10\\\/shc_png.png\",\"width\":166,\"height\":67,\"caption\":\"SHC\"},\"image\":{\"@id\":\"https:\\\/\\\/www.shc-swiss.nl\\\/#\\\/schema\\\/logo\\\/image\\\/\"}}]}<\/script>\n<!-- \/ Yoast SEO plugin. -->","yoast_head_json":{"title":"HCK Microvoedingsstoffen op maat - SHC","robots":{"index":"index","follow":"follow","max-snippet":"max-snippet:-1","max-image-preview":"max-image-preview:large","max-video-preview":"max-video-preview:-1"},"canonical":"https:\/\/www.shc-swiss.nl\/hck-microvoedingsstoffen-op-maat\/","og_locale":"de_DE","og_type":"article","og_title":"HCK Microvoedingsstoffen op maat - SHC","og_url":"https:\/\/www.shc-swiss.nl\/hck-microvoedingsstoffen-op-maat\/","og_site_name":"SHC","article_modified_time":"2022-03-19T15:47:08+00:00","twitter_card":"summary_large_image","twitter_misc":{"Est. reading time":"3 minutes"},"schema":{"@context":"https:\/\/schema.org","@graph":[{"@type":"WebPage","@id":"https:\/\/www.shc-swiss.nl\/hck-microvoedingsstoffen-op-maat\/","url":"https:\/\/www.shc-swiss.nl\/hck-microvoedingsstoffen-op-maat\/","name":"HCK Microvoedingsstoffen op maat - SHC","isPartOf":{"@id":"https:\/\/www.shc-swiss.nl\/#website"},"datePublished":"2015-10-27T10:23:02+00:00","dateModified":"2022-03-19T15:47:08+00:00","breadcrumb":{"@id":"https:\/\/www.shc-swiss.nl\/hck-microvoedingsstoffen-op-maat\/#breadcrumb"},"inLanguage":"de-DE","potentialAction":[{"@type":"ReadAction","target":["https:\/\/www.shc-swiss.nl\/hck-microvoedingsstoffen-op-maat\/"]}]},{"@type":"BreadcrumbList","@id":"https:\/\/www.shc-swiss.nl\/hck-microvoedingsstoffen-op-maat\/#breadcrumb","itemListElement":[{"@type":"ListItem","position":1,"name":"Home","item":"https:\/\/www.shc-swiss.nl\/"},{"@type":"ListItem","position":2,"name":"HCK Microvoedingsstoffen op maat"}]},{"@type":"WebSite","@id":"https:\/\/www.shc-swiss.nl\/#website","url":"https:\/\/www.shc-swiss.nl\/","name":"SHC","description":"swiss health concepts","publisher":{"@id":"https:\/\/www.shc-swiss.nl\/#organization"},"potentialAction":[{"@type":"SearchAction","target":{"@type":"EntryPoint","urlTemplate":"https:\/\/www.shc-swiss.nl\/?s={search_term_string}"},"query-input":{"@type":"PropertyValueSpecification","valueRequired":true,"valueName":"search_term_string"}}],"inLanguage":"de-DE"},{"@type":"Organization","@id":"https:\/\/www.shc-swiss.nl\/#organization","name":"SHC","url":"https:\/\/www.shc-swiss.nl\/","logo":{"@type":"ImageObject","inLanguage":"de-DE","@id":"https:\/\/www.shc-swiss.nl\/#\/schema\/logo\/image\/","url":"https:\/\/www.shc-swiss.nl\/wp-content\/uploads\/2022\/10\/shc_png.png","contentUrl":"https:\/\/www.shc-swiss.nl\/wp-content\/uploads\/2022\/10\/shc_png.png","width":166,"height":67,"caption":"SHC"},"image":{"@id":"https:\/\/www.shc-swiss.nl\/#\/schema\/logo\/image\/"}}]}},"_links":{"self":[{"href":"https:\/\/www.shc-swiss.nl\/de\/wp-json\/wp\/v2\/pages\/93","targetHints":{"allow":["GET"]}}],"collection":[{"href":"https:\/\/www.shc-swiss.nl\/de\/wp-json\/wp\/v2\/pages"}],"about":[{"href":"https:\/\/www.shc-swiss.nl\/de\/wp-json\/wp\/v2\/types\/page"}],"author":[{"embeddable":true,"href":"https:\/\/www.shc-swiss.nl\/de\/wp-json\/wp\/v2\/users\/2"}],"replies":[{"embeddable":true,"href":"https:\/\/www.shc-swiss.nl\/de\/wp-json\/wp\/v2\/comments?post=93"}],"version-history":[{"count":17,"href":"https:\/\/www.shc-swiss.nl\/de\/wp-json\/wp\/v2\/pages\/93\/revisions"}],"predecessor-version":[{"id":850,"href":"https:\/\/www.shc-swiss.nl\/de\/wp-json\/wp\/v2\/pages\/93\/revisions\/850"}],"wp:attachment":[{"href":"https:\/\/www.shc-swiss.nl\/de\/wp-json\/wp\/v2\/media?parent=93"}],"curies":[{"name":"wp","href":"https:\/\/api.w.org\/{rel}","templated":true}]}}